{"id":9361,"date":"2024-10-01T05:44:00","date_gmt":"2024-10-01T09:44:00","guid":{"rendered":"https:\/\/imaprestige.aponiawebsolutions.ca\/contact\/"},"modified":"2026-04-08T11:13:09","modified_gmt":"2026-04-08T15:13:09","slug":"contactez-nous","status":"publish","type":"page","link":"https:\/\/imaprestige.com\/fr\/contactez-nous\/","title":{"rendered":"Contactez-nous"},"content":{"rendered":"\t\t<div data-elementor-type=\"wp-page\" data-elementor-id=\"9361\" class=\"elementor elementor-9361 elementor-442\" data-elementor-post-type=\"page\">\n\t\t\t\t<div class=\"has_eae_slider elementor-element elementor-element-fa6dce0 e-flex e-con-boxed e-con e-parent\" data-id=\"fa6dce0\" data-element_type=\"container\" data-e-type=\"container\">\n\t\t\t\t\t<div class=\"e-con-inner\">\n\t\t<div class=\"has_eae_slider elementor-element elementor-element-9ae3b39 e-con-full e-flex e-con e-child\" data-id=\"9ae3b39\" data-element_type=\"container\" data-e-type=\"container\">\n\t\t\t\t<div class=\"elementor-element elementor-element-8ad9a57 elementor-widget elementor-widget-heading\" data-id=\"8ad9a57\" data-element_type=\"widget\" data-e-type=\"widget\" data-widget_type=\"heading.default\">\n\t\t\t\t<div class=\"elementor-widget-container\">\n\t\t\t\t\t<h1 class=\"elementor-heading-title elementor-size-default\">Contactez-nous<\/h1>\t\t\t\t<\/div>\n\t\t\t\t<\/div>\n\t\t\t\t<div class=\"elementor-element elementor-element-2d0e266 elementor-widget elementor-widget-heading\" data-id=\"2d0e266\" data-element_type=\"widget\" data-e-type=\"widget\" data-widget_type=\"heading.default\">\n\t\t\t\t<div class=\"elementor-widget-container\">\n\t\t\t\t\t<h2 class=\"elementor-heading-title elementor-size-default\">Contactez-nous pour toute assistance ou demandez un devis!<\/h2>\t\t\t\t<\/div>\n\t\t\t\t<\/div>\n\t\t\t\t<div class=\"elementor-element elementor-element-dae0a61 elementor-widget elementor-widget-text-editor\" data-id=\"dae0a61\" data-element_type=\"widget\" data-e-type=\"widget\" data-widget_type=\"text-editor.default\">\n\t\t\t\t<div class=\"elementor-widget-container\">\n\t\t\t\t\t\t\t\t\t<div class=\"therow\">\n<p>Vous avez une question ou besoin d&rsquo; assistance personnalis\u00e9e pour votre projet d&rsquo;impression sur mesure? N&rsquo;h\u00e9sitez pas \u00e0 <strong>nous rejoindre<\/strong>!<\/p>\n<\/div>\n\t\t\t\t\t\t\t\t<\/div>\n\t\t\t\t<\/div>\n\t\t\t\t<div class=\"elementor-element elementor-element-9b8f4e3 elementor-widget elementor-widget-text-editor\" data-id=\"9b8f4e3\" data-element_type=\"widget\" data-e-type=\"widget\" data-widget_type=\"text-editor.default\">\n\t\t\t\t<div class=\"elementor-widget-container\">\n\t\t\t\t\t\t\t\t\t<div class=\"therow\"><span class=\"title\">Courriel: <\/span><span class=\"desc\"><a href=\"mailto:support@printshop.com\">info@imaprestige.com<\/a><\/span><\/div>\n<p><\/p>\n<div class=\"therow\"><span class=\"title\">T\u00e9l\u00e9phone: <strong><a href=\"tel:+14504720999\">+1 (450) 472 0999<\/a><\/strong><\/span><\/div>\n<p><\/p>\n<div class=\"therow\">\n<p><span class=\"title\">Adresse:\u00a0<\/span><\/p>\n<div class=\"desc\">\n<div>14 Chemin D&rsquo;Oka,<\/div>\n<p><\/p>\n<div>Saint Eustache, Quebec<\/div>\n<p><\/p>\n<div>Canada, J7R 1K5<\/div>\n<p><\/div>\n<p><\/div>\n<p><\/p>\n<div class=\"therow\"><span class=\"title\">Suivez-nous:<\/span><br \/>\n<span class=\"desc\"><a href=\"https:\/\/www.instagram.com\/imaprestige\/\" target=\"_blank\" rel=\"noopener\">Instagram &#8211;\u00a0<\/a><br \/>\n<a href=\"https:\/\/www.facebook.com\/people\/Imaprestige\/61576269200660\/\" target=\"_blank\" rel=\"noopener\">Facebook &#8211;\u00a0<\/a><br \/>\n<a href=\"https:\/\/x.com\/Imaprestige14\" target=\"_blank\" rel=\"noopener\">Twitter (X) <\/a><\/span><\/div>\n\t\t\t\t\t\t\t\t<\/div>\n\t\t\t\t<\/div>\n\t\t\t\t<\/div>\n\t\t<div class=\"has_eae_slider elementor-element elementor-element-1e253b6 e-con-full e-flex e-con e-child\" data-id=\"1e253b6\" data-element_type=\"container\" data-e-type=\"container\">\n\t\t\t\t<div class=\"elementor-element elementor-element-4646234 elementor-widget elementor-widget-shortcode\" data-id=\"4646234\" data-element_type=\"widget\" data-e-type=\"widget\" data-widget_type=\"shortcode.default\">\n\t\t\t\t<div class=\"elementor-widget-container\">\n\t\t\t\t\t\t\t<div class=\"elementor-shortcode\"><script data-jetpack-boost=\"ignore\" data-jetpack-boost=\"ignore\" type=\"text\/javascript\">if(!gform){document.addEventListener(\"gform_main_scripts_loaded\",function(){gform.scriptsLoaded=!0}),window.addEventListener(\"DOMContentLoaded\",function(){gform.domLoaded=!0});var gform={domLoaded:!1,scriptsLoaded:!1,initializeOnLoaded:function(o){gform.domLoaded&&gform.scriptsLoaded?o():!gform.domLoaded&&gform.scriptsLoaded?window.addEventListener(\"DOMContentLoaded\",o):document.addEventListener(\"gform_main_scripts_loaded\",o)},hooks:{action:{},filter:{}},addAction:function(o,n,r,t){gform.addHook(\"action\",o,n,r,t)},addFilter:function(o,n,r,t){gform.addHook(\"filter\",o,n,r,t)},doAction:function(o){gform.doHook(\"action\",o,arguments)},applyFilters:function(o){return gform.doHook(\"filter\",o,arguments)},removeAction:function(o,n){gform.removeHook(\"action\",o,n)},removeFilter:function(o,n,r){gform.removeHook(\"filter\",o,n,r)},addHook:function(o,n,r,t,i){null==gform.hooks[o][n]&&(gform.hooks[o][n]=[]);var e=gform.hooks[o][n];null==i&&(i=n+\"_\"+e.length),null==t&&(t=10),gform.hooks[o][n].push({tag:i,callable:r,priority:t})},doHook:function(o,n,r){if(r=Array.prototype.slice.call(r,1),null!=gform.hooks[o][n]){var t,i=gform.hooks[o][n];i.sort(function(o,n){return o.priority-n.priority});for(var e=0;e<i.length;e++)\"function\"!=typeof(t=i[e].callable)&&(t=window[t]),\"action\"==o?t.apply(null,r):r[0]=t.apply(null,r)}if(\"filter\"==o)return r[0]},removeHook:function(o,n,r,t){if(null!=gform.hooks[o][n])for(var i=gform.hooks[o][n],e=i.length-1;0<=e;e--)null!=t&&t!=i[e].tag||null!=r&&r!=i[e].priority||i.splice(e,1)}}}<\/script>\n                <div class='gf_browser_gecko gform_wrapper gravity-theme' id='gform_wrapper_1' ><div id='gf_1' class='gform_anchor' tabindex='-1'><\/div>\n                        <div class='gform_heading'>\n                            <h2 class=\"gform_title\">Contact form<\/h2>\n                            <span class='gform_description'><\/span>\n\t\t\t\t\t\t\t<p class='gform_required_legend'>\u00ab\u00a0<span class=\"gfield_required gfield_required_asterisk\">*<\/span>\u00a0\u00bb indique les champs n\u00e9cessaires<\/p>\n                        <\/div><form method='post' enctype='multipart\/form-data' target='gform_ajax_frame_1' id='gform_1'  action='\/fr\/wp-json\/wp\/v2\/pages\/9361#gf_1' novalidate>\n                        <div class='gform_body gform-body'><div id='gform_fields_1' class='gform_fields top_label form_sublabel_below description_below'><div id=\"field_1_1\" class=\"gfield gfield_contains_required field_sublabel_below field_description_below gfield_visibility_visible\" ><label class='gfield_label' for='input_1_1' >Nom<span class=\"gfield_required\"><span class=\"gfield_required gfield_required_asterisk\">*<\/span><\/span><\/label><div class='ginput_container ginput_container_text'><input name='input_1' id='input_1_1' type='text' value='' class='large'    placeholder='Votre nom' aria-required=\"true\" aria-invalid=\"false\"   \/> <\/div><\/div><div id=\"field_1_2\" class=\"gfield gfield--width-half gfield_contains_required field_sublabel_below field_description_below gfield_visibility_visible\" ><label class='gfield_label' for='input_1_2' >Courriel<span class=\"gfield_required\"><span class=\"gfield_required gfield_required_asterisk\">*<\/span><\/span><\/label><div class='ginput_container ginput_container_email'>\n                            <input name='input_2' id='input_1_2' type='email' value='' class='large'   placeholder='Courriel' aria-required=\"true\" aria-invalid=\"false\"  \/>\n                        <\/div><\/div><div id=\"field_1_3\" class=\"gfield gfield--width-half field_sublabel_below field_description_below gfield_visibility_visible\" ><label class='gfield_label' for='input_1_3' >T\u00e9l\u00e9phone (facultatif)<\/label><div class='ginput_container ginput_container_phone'><input name='input_3' id='input_1_3' type='tel' value='' class='large'  placeholder='T\u00e9l\u00e9phone'  aria-invalid=\"false\"   \/><\/div><\/div><div id=\"field_1_4\" class=\"gfield field_sublabel_below field_description_below gfield_visibility_visible\" ><label class='gfield_label' for='input_1_4' >Message<\/label><div class='ginput_container ginput_container_textarea'><textarea name='input_4' id='input_1_4' class='textarea medium'    placeholder='Message'  aria-invalid=\"false\"   rows='10' cols='50'><\/textarea><\/div><\/div><div id=\"field_1_7\" class=\"gfield hidden-trap field_sublabel_below field_description_below gfield_visibility_hidden\" ><div class='admin-hidden-markup'><i class='gform-icon gform-icon--hidden'><\/i><span>Hidden<\/span><\/div><label class='gfield_label' for='input_1_7' >Untitled<\/label><div class='ginput_container ginput_container_text'><input name='input_7' id='input_1_7' type='text' value='' class='large'      aria-invalid=\"false\"   \/> <\/div><\/div><div id=\"field_1_8\" class=\"gfield gform_validation_container field_sublabel_below field_description_below gfield_visibility_visible\" ><label class='gfield_label' for='input_1_8' >Phone<\/label><div class='ginput_container'><input name='input_8' id='input_1_8' type='text' value='' autocomplete='new-password'\/><\/div><div class='gfield_description' id='gfield_description_1_8'>Ce champ n\u2019est utilis\u00e9 qu\u2019\u00e0 des fins de validation et devrait rester inchang\u00e9.<\/div><\/div><\/div><\/div>\n        <div class='gform_footer top_label'> <input type='submit' id='gform_submit_button_1' class='gform_button button' value='Envoyer'  onclick='if(window[\"gf_submitting_1\"]){return false;}  if( !jQuery(\"#gform_1\")[0].checkValidity || jQuery(\"#gform_1\")[0].checkValidity()){window[\"gf_submitting_1\"]=true;}  ' onkeypress='if( event.keyCode == 13 ){ if(window[\"gf_submitting_1\"]){return false;} if( !jQuery(\"#gform_1\")[0].checkValidity || jQuery(\"#gform_1\")[0].checkValidity()){window[\"gf_submitting_1\"]=true;}  jQuery(\"#gform_1\").trigger(\"submit\",[true]); }' \/> <input type='hidden' name='gform_ajax' value='form_id=1&amp;title=1&amp;description=1&amp;tabindex=0' \/>\n            <input type='hidden' class='gform_hidden' name='is_submit_1' value='1' \/>\n            <input type='hidden' class='gform_hidden' name='gform_submit' value='1' \/>\n            \n            <input type='hidden' class='gform_hidden' name='gform_unique_id' value='' \/>\n            <input type='hidden' class='gform_hidden' name='state_1' value='WyJbXSIsImQ2ZjUyMjY2Y2U4YWY3MmUyMGJhYTE4ZTI0OTViZTU4Il0=' \/>\n            <input type='hidden' class='gform_hidden' name='gform_target_page_number_1' id='gform_target_page_number_1' value='0' \/>\n            <input type='hidden' class='gform_hidden' name='gform_source_page_number_1' id='gform_source_page_number_1' value='1' \/>\n            <input type='hidden' name='gform_field_values' value='' \/>\n            \n        <\/div>\n                        <\/form>\n                        <\/div>\n                <iframe style='display:none;width:0px;height:0px;' src='about:blank' name='gform_ajax_frame_1' id='gform_ajax_frame_1' title='Cette iframe contient la logique n\u00e9cessaire pour manipuler Gravity Forms avec Ajax.'><\/iframe>\n                <script data-jetpack-boost=\"ignore\" data-jetpack-boost=\"ignore\">\ngform.initializeOnLoaded( function() {gformInitSpinner( 1, 'https:\/\/imaprestige.com\/wp-content\/plugins\/gravityforms\/images\/spinner.svg' );jQuery('#gform_ajax_frame_1').on('load',function(){var contents = jQuery(this).contents().find('*').html();var is_postback = contents.indexOf('GF_AJAX_POSTBACK') >= 0;if(!is_postback){return;}var form_content = jQuery(this).contents().find('#gform_wrapper_1');var is_confirmation = jQuery(this).contents().find('#gform_confirmation_wrapper_1').length > 0;var is_redirect = contents.indexOf('gformRedirect(){') >= 0;var is_form = form_content.length > 0 && ! is_redirect && ! is_confirmation;var mt = parseInt(jQuery('html').css('margin-top'), 10) + parseInt(jQuery('body').css('margin-top'), 10) + 100;if(is_form){jQuery('#gform_wrapper_1').html(form_content.html());if(form_content.hasClass('gform_validation_error')){jQuery('#gform_wrapper_1').addClass('gform_validation_error');} else {jQuery('#gform_wrapper_1').removeClass('gform_validation_error');}setTimeout( function() { \/* delay the scroll by 50 milliseconds to fix a bug in chrome *\/ jQuery(document).scrollTop(jQuery('#gform_wrapper_1').offset().top - mt); }, 50 );if(window['gformInitDatepicker']) {gformInitDatepicker();}if(window['gformInitPriceFields']) {gformInitPriceFields();}var current_page = jQuery('#gform_source_page_number_1').val();gformInitSpinner( 1, 'https:\/\/imaprestige.com\/wp-content\/plugins\/gravityforms\/images\/spinner.svg' );jQuery(document).trigger('gform_page_loaded', [1, current_page]);window['gf_submitting_1'] = false;}else if(!is_redirect){var confirmation_content = jQuery(this).contents().find('.GF_AJAX_POSTBACK').html();if(!confirmation_content){confirmation_content = contents;}setTimeout(function(){jQuery('#gform_wrapper_1').replaceWith(confirmation_content);jQuery(document).scrollTop(jQuery('#gf_1').offset().top - mt);jQuery(document).trigger('gform_confirmation_loaded', [1]);window['gf_submitting_1'] = false;wp.a11y.speak(jQuery('#gform_confirmation_message_1').text());}, 50);}else{jQuery('#gform_1').append(contents);if(window['gformRedirect']) {gformRedirect();}}jQuery(document).trigger('gform_post_render', [1, current_page]);} );} );\n<\/script>\n<\/div>\n\t\t\t\t\t\t<\/div>\n\t\t\t\t<\/div>\n\t\t\t\t<\/div>\n\t\t\t\t\t<\/div>\n\t\t\t\t<\/div>\n\t\t<div class=\"has_eae_slider elementor-element elementor-element-c183e1a e-flex e-con-boxed e-con e-parent\" data-id=\"c183e1a\" data-element_type=\"container\" data-e-type=\"container\">\n\t\t\t\t\t<div class=\"e-con-inner\">\n\t\t<div class=\"has_eae_slider elementor-element elementor-element-f4d0f55 e-con-full e-flex e-con e-child\" data-id=\"f4d0f55\" data-element_type=\"container\" data-e-type=\"container\">\n\t\t\t\t<div class=\"elementor-element elementor-element-52910ab elementor-widget elementor-widget-heading\" data-id=\"52910ab\" data-element_type=\"widget\" data-e-type=\"widget\" data-widget_type=\"heading.default\">\n\t\t\t\t<div class=\"elementor-widget-container\">\n\t\t\t\t\t<p class=\"elementor-heading-title elementor-size-default\">5 Bonnes Raisons de Faire Confiance \u00e0 ImaPrestige<\/p>\t\t\t\t<\/div>\n\t\t\t\t<\/div>\n\t\t\t\t<\/div>\n\t\t\t\t<div class=\"elementor-element elementor-element-8a460ac elementor-widget elementor-widget-text-editor\" data-id=\"8a460ac\" data-element_type=\"widget\" data-e-type=\"widget\" data-widget_type=\"text-editor.default\">\n\t\t\t\t<div class=\"elementor-widget-container\">\n\t\t\t\t\t\t\t\t\t<p data-start=\"202\" data-end=\"266\"><strong data-start=\"206\" data-end=\"264\">1. Expertise et Exp\u00e9rience en Impression Personnalis\u00e9e: <\/strong>Avec des ann\u00e9es d\u2019exp\u00e9rience d\u00e9di\u00e9e \u00e0 l\u2019impression personnalis\u00e9e, notre \u00e9quipe apporte une expertise in\u00e9gal\u00e9e \u00e0 chaque projet. De la conception \u00e0 la livraison, nous donnons vie \u00e0 votre vision avec pr\u00e9cision et une qualit\u00e9 sur laquelle vous pouvez compter.<\/p>\n<p><\/p>\n<p data-start=\"526\" data-end=\"586\"><strong data-start=\"530\" data-end=\"584\">2. Engagement envers la Qualit\u00e9 et le Savoir-Faire: <\/strong>Nous utilisons uniquement des mat\u00e9riaux haut de gamme et des technologies d\u2019impression de pointe pour garantir des r\u00e9sultats durables, \u00e9clatants et professionnels. Vos produits personnalis\u00e9s ne seront pas seulement magnifiques \u2013 ils dureront.<\/p>\n<p><\/p>\n<p data-start=\"833\" data-end=\"883\"><strong data-start=\"837\" data-end=\"881\">3. Service Personnalis\u00e9 et Support D\u00e9di\u00e9: <\/strong>Nous croyons en une approche personnalis\u00e9e. Lorsque vous nous contactez, vous \u00eates mis en relation avec un membre de notre \u00e9quipe pr\u00eat \u00e0 comprendre vos besoins uniques et \u00e0 vous accompagner \u00e0 chaque \u00e9tape de votre commande sur mesure.<\/p>\n<p><\/p>\n<p data-start=\"1122\" data-end=\"1181\"><strong data-start=\"1126\" data-end=\"1179\">4. Processus Transparents et Communication Claire: <\/strong>De votre premi\u00e8re demande jusqu\u2019\u00e0 la livraison finale, nous maintenons une communication ouverte et honn\u00eate. Vous serez inform\u00e9 de l\u2019avancement de votre projet et n\u2019aurez aucune surprise \u2013 seulement un service exceptionnel.<\/p>\n<p><\/p>\n<p data-start=\"1409\" data-end=\"1460\"><strong data-start=\"1413\" data-end=\"1458\">5. R\u00e9putation Solide (Clients Satisfaits): <\/strong>Notre r\u00e9putation repose sur des clients satisfaits qui nous choisissent r\u00e9guli\u00e8rement pour leurs projets d\u2019impression personnalis\u00e9e. Parcourez notre galerie ou nos t\u00e9moignages pour d\u00e9couvrir la qualit\u00e9 et la confiance que nous avons gagn\u00e9es gr\u00e2ce \u00e0 de nombreux projets r\u00e9ussis.<\/p>\n\t\t\t\t\t\t\t\t<\/div>\n\t\t\t\t<\/div>\n\t\t\t\t\t<\/div>\n\t\t\t\t<\/div>\n\t\t<div class=\"has_eae_slider elementor-element elementor-element-460496d e-flex e-con-boxed e-con e-parent\" data-id=\"460496d\" data-element_type=\"container\" data-e-type=\"container\">\n\t\t\t\t\t<div class=\"e-con-inner\">\n\t\t<div class=\"has_eae_slider elementor-element elementor-element-c4d6bd8 e-con-full e-flex e-con e-child\" data-id=\"c4d6bd8\" data-element_type=\"container\" data-e-type=\"container\">\n\t\t<div class=\"has_eae_slider elementor-element elementor-element-59a303b e-con-full e-grid e-con e-child\" data-id=\"59a303b\" data-element_type=\"container\" data-e-type=\"container\">\n\t\t\t\t<div class=\"elementor-element elementor-element-1d467b0 elementor-widget elementor-widget-image\" data-id=\"1d467b0\" data-element_type=\"widget\" data-e-type=\"widget\" data-widget_type=\"image.default\">\n\t\t\t\t<div class=\"elementor-widget-container\">\n\t\t\t\t\t\t\t\t\t\t\t\t\t\t\t<img decoding=\"async\" src=\"https:\/\/imaprestige.com\/wp-content\/uploads\/2025\/10\/Made-in-gold-1.webp\" title=\"\" alt=\"About us - Made in Canada\" loading=\"lazy\">\t\t\t\t\t\t\t\t\t\t\t\t\t\t\t<\/div>\n\t\t\t\t<\/div>\n\t\t<div class=\"has_eae_slider elementor-element elementor-element-e8c4075 e-con-full e-flex e-con e-child\" data-id=\"e8c4075\" data-element_type=\"container\" data-e-type=\"container\">\n\t\t\t\t<div class=\"elementor-element elementor-element-b5a1388 elementor-widget elementor-widget-image\" data-id=\"b5a1388\" data-element_type=\"widget\" data-e-type=\"widget\" data-widget_type=\"image.default\">\n\t\t\t\t<div class=\"elementor-widget-container\">\n\t\t\t\t\t\t\t\t\t\t\t\t\t\t\t<img decoding=\"async\" width=\"150\" height=\"150\" src=\"https:\/\/imaprestige.com\/wp-content\/uploads\/2025\/09\/Thumb-up.webp\" class=\"attachment-medium size-medium wp-image-21628\" alt=\"Pouce lev\u00e9\" srcset=\"https:\/\/imaprestige.com\/wp-content\/uploads\/2025\/09\/Thumb-up.webp 150w, https:\/\/imaprestige.com\/wp-content\/uploads\/2025\/09\/Thumb-up-100x100.webp 100w\" sizes=\"(max-width: 150px) 100vw, 150px\" title=\"\">\t\t\t\t\t\t\t\t\t\t\t\t\t\t\t<\/div>\n\t\t\t\t<\/div>\n\t\t\t\t<div class=\"elementor-element elementor-element-5623041 elementor-widget elementor-widget-heading\" data-id=\"5623041\" data-element_type=\"widget\" data-e-type=\"widget\" data-widget_type=\"heading.default\">\n\t\t\t\t<div class=\"elementor-widget-container\">\n\t\t\t\t\t<h2 class=\"elementor-heading-title elementor-size-default\"><b>100% Satisfaction Garantie<\/b><\/h2>\t\t\t\t<\/div>\n\t\t\t\t<\/div>\n\t\t\t\t<\/div>\n\t\t<div class=\"has_eae_slider elementor-element elementor-element-f642962 e-con-full e-flex e-con e-child\" data-id=\"f642962\" data-element_type=\"container\" data-e-type=\"container\">\n\t\t\t\t<div class=\"elementor-element elementor-element-c92512d elementor-widget elementor-widget-image\" data-id=\"c92512d\" data-element_type=\"widget\" data-e-type=\"widget\" data-widget_type=\"image.default\">\n\t\t\t\t<div class=\"elementor-widget-container\">\n\t\t\t\t\t\t\t\t\t\t\t\t\t\t\t<img fetchpriority=\"high\" decoding=\"async\" width=\"300\" height=\"170\" src=\"https:\/\/imaprestige.com\/wp-content\/uploads\/2025\/10\/Delivery-truck-gold-300x170.webp\" class=\"attachment-medium size-medium wp-image-21651\" alt=\"\" srcset=\"https:\/\/imaprestige.com\/wp-content\/uploads\/2025\/10\/Delivery-truck-gold-300x170.webp 300w, https:\/\/imaprestige.com\/wp-content\/uploads\/2025\/10\/Delivery-truck-gold.webp 361w\" sizes=\"(max-width: 300px) 100vw, 300px\" title=\"\">\t\t\t\t\t\t\t\t\t\t\t\t\t\t\t<\/div>\n\t\t\t\t<\/div>\n\t\t\t\t<div class=\"elementor-element elementor-element-7a1cac8 elementor-widget elementor-widget-heading\" data-id=\"7a1cac8\" data-element_type=\"widget\" data-e-type=\"widget\" data-widget_type=\"heading.default\">\n\t\t\t\t<div class=\"elementor-widget-container\">\n\t\t\t\t\t<h2 class=\"elementor-heading-title elementor-size-default\"><b>Livraison gratuite \u00e0 partir de 45 $ au Canada (excluant les Cadres et Canvas)<b>!<\/b><\/h2>\t\t\t\t<\/div>\n\t\t\t\t<\/div>\n\t\t\t\t<\/div>\n\t\t\t\t<\/div>\n\t\t\t\t<\/div>\n\t\t\t\t\t<\/div>\n\t\t\t\t<\/div>\n\t\t<div class=\"has_eae_slider elementor-element elementor-element-372d686 e-flex e-con-boxed e-con e-parent\" data-id=\"372d686\" data-element_type=\"container\" data-e-type=\"container\">\n\t\t\t\t\t<div class=\"e-con-inner\">\n\t\t<div class=\"has_eae_slider elementor-element elementor-element-f7ce2bc e-con-full e-flex e-con e-child\" data-id=\"f7ce2bc\" data-element_type=\"container\" data-e-type=\"container\">\n\t\t\t\t<div class=\"elementor-element elementor-element-93d40ea elementor-cta--skin-cover elementor-cta--valign-middle elementor-bg-transform elementor-bg-transform-zoom-in elementor-widget elementor-widget-call-to-action\" data-id=\"93d40ea\" data-element_type=\"widget\" data-e-type=\"widget\" data-widget_type=\"call-to-action.default\">\n\t\t\t\t<div class=\"elementor-widget-container\">\n\t\t\t\t\t\t\t<div class=\"elementor-cta\">\n\t\t\t\t\t<div class=\"elementor-cta__bg-wrapper\">\n\t\t\t\t<div class=\"elementor-cta__bg elementor-bg\" style=\"background-image: url(https:\/\/imaprestige.com\/wp-content\/uploads\/2025\/05\/wedding-banner-1-1536x1025.jpg);\" role=\"img\" aria-label=\"Support de banni\u00e8re r\u00e9tractable pour les nouveaux mari\u00e9s \u2013 contactez-nous\"><\/div>\n\t\t\t\t<div class=\"elementor-cta__bg-overlay\"><\/div>\n\t\t\t<\/div>\n\t\t\t\t\t\t\t<div class=\"elementor-cta__content\">\n\t\t\t\t\n\t\t\t\t\t\t\t\t\t<h2 class=\"elementor-cta__title elementor-cta__content-item elementor-content-item\">\n\t\t\t\t\t\tCaptez les regards avec des banni\u00e8res haut de gamme, id\u00e9aux pour tous types d\u2019\u00e9v\u00e9nements\t\t\t\t\t<\/h2>\n\t\t\t\t\n\t\t\t\t\n\t\t\t\t\t\t\t\t\t<div class=\"elementor-cta__button-wrapper elementor-cta__content-item elementor-content-item \">\n\t\t\t\t\t<a class=\"elementor-cta__button elementor-button elementor-size-\" href=\"\/fr\/#all-product-types\">\n\t\t\t\t\t\tMagasinez maintenant\t\t\t\t\t<\/a>\n\t\t\t\t\t<\/div>\n\t\t\t\t\t\t\t<\/div>\n\t\t\t\t\t\t<\/div>\n\t\t\t\t\t\t<\/div>\n\t\t\t\t<\/div>\n\t\t\t\t<\/div>\n\t\t\t\t\t<\/div>\n\t\t\t\t<\/div>\n\t\t\t\t<\/div>\n\t\t","protected":false},"excerpt":{"rendered":"<p>Contactez-nous Contactez-nous pour toute assistance ou demandez un devis! Vous avez une question ou besoin d&rsquo; assistance personnalis\u00e9e pour votre projet d&rsquo;impression sur mesure? N&rsquo;h\u00e9sitez pas \u00e0 nous rejoindre! Courriel: info@imaprestige.com T\u00e9l\u00e9phone: +1 (450) 472 0999 Adresse:\u00a0 14 Chemin D&rsquo;Oka, Saint Eustache, Quebec Canada, J7R 1K5 Suivez-nous: Instagram &#8211;\u00a0 Facebook &#8211;\u00a0 Twitter (X) 5 Bonnes [&hellip;]<\/p>\n","protected":false},"author":1,"featured_media":0,"parent":0,"menu_order":0,"comment_status":"closed","ping_status":"closed","template":"","meta":{"_acf_changed":false,"content-type":"","footnotes":""},"class_list":["post-9361","page","type-page","status-publish","hentry"],"acf":[],"jetpack_sharing_enabled":true,"_links":{"self":[{"href":"https:\/\/imaprestige.com\/fr\/wp-json\/wp\/v2\/pages\/9361","targetHints":{"allow":["GET"]}}],"collection":[{"href":"https:\/\/imaprestige.com\/fr\/wp-json\/wp\/v2\/pages"}],"about":[{"href":"https:\/\/imaprestige.com\/fr\/wp-json\/wp\/v2\/types\/page"}],"author":[{"embeddable":true,"href":"https:\/\/imaprestige.com\/fr\/wp-json\/wp\/v2\/users\/1"}],"replies":[{"embeddable":true,"href":"https:\/\/imaprestige.com\/fr\/wp-json\/wp\/v2\/comments?post=9361"}],"version-history":[{"count":15,"href":"https:\/\/imaprestige.com\/fr\/wp-json\/wp\/v2\/pages\/9361\/revisions"}],"predecessor-version":[{"id":24903,"href":"https:\/\/imaprestige.com\/fr\/wp-json\/wp\/v2\/pages\/9361\/revisions\/24903"}],"wp:attachment":[{"href":"https:\/\/imaprestige.com\/fr\/wp-json\/wp\/v2\/media?parent=9361"}],"curies":[{"name":"wp","href":"https:\/\/api.w.org\/{rel}","templated":true}]}}